{"id":890,"date":"2024-11-02T17:37:06","date_gmt":"2024-11-02T16:37:06","guid":{"rendered":"https:\/\/asap.xiahdeh.dev\/?page_id=890"},"modified":"2024-11-22T19:56:03","modified_gmt":"2024-11-22T18:56:03","slug":"paris-20","status":"publish","type":"page","link":"https:\/\/www.asapserrurerie.fr\/en\/paris-20\/","title":{"rendered":"Paris 20th Arrondissement (75020)"},"content":{"rendered":"\n<p>Locksmith in the 20th district of Paris at your service in the neighborhoods of Belleville, Saint-Fargeau, P\u00e8re-Lachaise, and Charonne, as well as around the metro stations Gambetta, M\u00e9nilmontant, P\u00e8re Lachaise, Porte de Bagnolet, Mara\u00eechers, and Jourdain.<\/p>\n","protected":false},"excerpt":{"rendered":"<p>Locksmith in the 20th district of Paris at your service in the neighborhoods of Belleville, Saint-Fargeau, P\u00e8re-Lachaise, and Charonne, as well as around the metro stations Gambetta, M\u00e9nilmontant, P\u00e8re Lachaise, Porte de Bagnolet, Mara\u00eechers, and Jourdain.<\/p>\n","protected":false},"author":1,"featured_media":0,"parent":0,"menu_order":0,"comment_status":"closed","ping_status":"closed","template":"","meta":{"footnotes":""},"class_list":["post-890","page","type-page","status-publish","hentry"],"meta_box":[],"_links":{"self":[{"href":"https:\/\/www.asapserrurerie.fr\/en\/wp-json\/wp\/v2\/pages\/890","targetHints":{"allow":["GET"]}}],"collection":[{"href":"https:\/\/www.asapserrurerie.fr\/en\/wp-json\/wp\/v2\/pages"}],"about":[{"href":"https:\/\/www.asapserrurerie.fr\/en\/wp-json\/wp\/v2\/types\/page"}],"author":[{"embeddable":true,"href":"https:\/\/www.asapserrurerie.fr\/en\/wp-json\/wp\/v2\/users\/1"}],"replies":[{"embeddable":true,"href":"https:\/\/www.asapserrurerie.fr\/en\/wp-json\/wp\/v2\/comments?post=890"}],"version-history":[{"count":0,"href":"https:\/\/www.asapserrurerie.fr\/en\/wp-json\/wp\/v2\/pages\/890\/revisions"}],"wp:attachment":[{"href":"https:\/\/www.asapserrurerie.fr\/en\/wp-json\/wp\/v2\/media?parent=890"}],"curies":[{"name":"wp","href":"https:\/\/api.w.org\/{rel}","templated":true}]}}