{"id":884,"date":"2024-11-02T17:35:54","date_gmt":"2024-11-02T16:35:54","guid":{"rendered":"https:\/\/asap.xiahdeh.dev\/?page_id=884"},"modified":"2024-11-22T19:55:46","modified_gmt":"2024-11-22T18:55:46","slug":"paris-19","status":"publish","type":"page","link":"https:\/\/www.asapserrurerie.fr\/en\/paris-19\/","title":{"rendered":"Paris 19th Arrondissement (75019)"},"content":{"rendered":"\n<p>Locksmith in the 19th district of Paris at your service in the neighborhoods of La Villette, Pont-de-Flandre, Am\u00e9rique, and Combat, as well as around the metro stations Jaur\u00e8s, Laumi\u00e8re, Crim\u00e9e, Porte de Pantin, Ourcq, and Buttes Chaumont.<\/p>\n","protected":false},"excerpt":{"rendered":"<p>Locksmith in the 19th district of Paris at your service in the neighborhoods of La Villette, Pont-de-Flandre, Am\u00e9rique, and Combat, as well as around the metro stations Jaur\u00e8s, Laumi\u00e8re, Crim\u00e9e, Porte de Pantin, Ourcq, and Buttes Chaumont.<\/p>\n","protected":false},"author":1,"featured_media":0,"parent":0,"menu_order":0,"comment_status":"closed","ping_status":"closed","template":"","meta":{"footnotes":""},"class_list":["post-884","page","type-page","status-publish","hentry"],"meta_box":[],"_links":{"self":[{"href":"https:\/\/www.asapserrurerie.fr\/en\/wp-json\/wp\/v2\/pages\/884","targetHints":{"allow":["GET"]}}],"collection":[{"href":"https:\/\/www.asapserrurerie.fr\/en\/wp-json\/wp\/v2\/pages"}],"about":[{"href":"https:\/\/www.asapserrurerie.fr\/en\/wp-json\/wp\/v2\/types\/page"}],"author":[{"embeddable":true,"href":"https:\/\/www.asapserrurerie.fr\/en\/wp-json\/wp\/v2\/users\/1"}],"replies":[{"embeddable":true,"href":"https:\/\/www.asapserrurerie.fr\/en\/wp-json\/wp\/v2\/comments?post=884"}],"version-history":[{"count":0,"href":"https:\/\/www.asapserrurerie.fr\/en\/wp-json\/wp\/v2\/pages\/884\/revisions"}],"wp:attachment":[{"href":"https:\/\/www.asapserrurerie.fr\/en\/wp-json\/wp\/v2\/media?parent=884"}],"curies":[{"name":"wp","href":"https:\/\/api.w.org\/{rel}","templated":true}]}}